{"id":2127,"date":"2020-05-19T17:17:15","date_gmt":"2020-05-19T15:17:15","guid":{"rendered":"https:\/\/www.thetahealingkatinka.nl\/wordpress2\/?page_id=2127"},"modified":"2023-01-23T19:44:21","modified_gmt":"2023-01-23T18:44:21","slug":"lightarian-ascencion-bands","status":"publish","type":"page","link":"https:\/\/www.thetahealingkatinka.nl\/wordpress2\/?page_id=2127","title":{"rendered":"Lightarian Ascencion Bands"},"content":{"rendered":"\n<p>Nieuw!!! Lightarian Ascencion Bands<br>Nieuw in Nederland!&nbsp;<\/p>\n\n\n\n<p>De Lightarian Ascension Bands\u2122 zijn ontwikkeld om de mensheid weer bewust te maken voor de acht hogere, vibrationele banden van de goddelijke, helende buddha energie\u00ebn om ons te assisteren wanneer we een nieuwe fase binnen gaan van ons bestaan, om ons heling te geven, om onze vibratie te verhogen en om je voor te bereiden om een deel te worden van het nieuwe menselijke ras. De acht banden van de helende buddha energie\u00ebn zijn elk aanzienlijk hoger in vibratie. Ze assisteren jou in de voorbereiding van je transformatie van je persoonlijke ascencie proces, jou mee nemend naar aanzienlijk hogere persoonlijke vibrationele niveaus.<\/p>\n\n\n\n<p>De focus van de Lightarian Ascension Bands\u2122 is de heling van je etherische velden en fysieke lichaam door jou in een natuurlijke balans met je zelf,anderen en je omgeving te brengen. De helende energien cre\u00ebren een stimulatie en versnelling van je helende kwaliteiten, die je terug brengen in een natuurlijke staat van balans op alle gebieden van je leven.<\/p>\n\n\n\n<p>Je hartchakra zal geopend worden en een activatie van een of meer bepaalde chakra en subtiele lichamen vindt plaats gedurende elke afstemming.Door het ontvangen van deze afstemmingen en het werken met de Lightarian Ascension Band\u2122 energie\u00ebn zal je vibratie dramatisch verhogen, waardoor er veranderingen op alle niveaus van je wezen plaats gaan vinden, zodat er energetische helderheid zal ontstaan. Ze zullen je ook hogere niveaus van bewustzijn laten z\u00eden en je verbinding met pure, hogere vibrationele leiing en steun mogelijk maken zodat je geholpen wordt meer bewust te worden van het oneindige, goddelijke wezen dat je werkelijk bent.<\/p>\n\n\n\n<p>Door de Lightarian Ascension Bands\u2122 afstemmingen worden verschillende niveaus van heling en de verhoogde vibratie gestimuleerd terwijl je kwaliteiten en meesterschap voor het door geven van heling worden uitgebreid naar hogere, vibrationele frequentie. Diverse kwaliteiten en talenten kunnen gaan manifesteren en je zult waarschijnlijk een grote gevoel van spirituele gratie ontdekken in je leven, omdat er meer licht in je wezen aanwezig is. Je zult meer en volledig gaan openen naar hogere, innerlijke wijsheid. Wanneer je door de verschillende niveaus van de Lightarian Ascension Bands\u2122 gaat , ervaar je een energetische versnelling binnen de diepere niveaus van je Zelf.<\/p>\n\n\n\n<p>Je hoeft niet op een reiki pad te zijn om deze afstellingen te kunnen ontvangen. Iedereen kan de Lightarian Ascension Bands\u2122 ontvangen zonder voorwaarden. Dit programma is ontwikkeld voor iedereen die zichzelf wenst te ontwikkelen of bezig is op een ascentie pad.<\/p>\n\n\n\n<p>Elk niveau versnelt op dramatische wijze je persoonlijke heling en verhoogt je vibratie nog meer, zodat je beschikking krijgt over meer verfijne en hogere vibrationele energie\u00ebn en verbreed en ontwikkeld je energetische verbinding met verheven meester Buddha.<\/p>\n\n\n\n<p>Level I cre\u00ebert een opening naar buddhas energie\u00ebn Je kan dit zien als het aanzetten van je energetische circuit, waardoor je een kanaal kan zijn voor deze energie\u00ebn.<\/p>\n\n\n\n<p>Level II helpt je dramatische veranderingen aan te brengen in je kwaliteiten om je te verbinden met etherische wezens zoals je gidsen, verheven meesters, aartsengelen en je hogere zelf. Je zult ontdekken dat je intu\u00eftieve kwaliteiten verder ontwikkelen. Je zult een shift ervaren in je gevoel van zelf en spirituele transformatie.<\/p>\n\n\n\n<p>Level III introduceert het ascensie\/ descentie proces, welke het proces is van schoonmaken, loslaten en het transformeren van de dichtheid van je fysieke wezen zodat je hogere zelf meer kan indalen in je fysieke lichaam. Wanneer we beginnen te ascenderen laten we de dominantie invloed van het mentale lichaam over ons dagelijks leven los. We gaan door het proces van overgeven en loslaten van ons ego om ruimte te maken zodat ons spirituele lichaam kan in dalen. Onze hogere chakras en lagere chakras worden geactiveerd terwijl ze integreren met elkaar.<\/p>\n\n\n\n<p>Level IV introduceert de energie\u00ebn van moeder aarde en cre\u00ebert een blijvende verbinding met de ondersteunende energie van Gaia ( Moeder aarde) om een uitbreiding te cre\u00ebren in helingswerk. Gaia is uitgenodigd in de goddelijke buddha ruimte om te assisteren om een breed, ondersteunend helend platform te cre\u00ebren.<\/p>\n\n\n\n<p>Level V breidt de hogere banden en vibrationele bewustzijn van de buddhaenergie\u00ebn verder uit en nodigt de godheid energie\u00ebn uit om deel te nemen in je afstemmingsproces, die je van krachtige en liefdevolle paraplu voorziet.<\/p>\n\n\n\n<p>Level VI geeft je de hoogste, vibrationele, helende buddha energie\u00ebn die beschikbaar zijn voor de mensheid. Je krijgt beschikking over de laatste vibrationele band vanenergie\u00ebn die je verbindt met de hoogste niveaus van de verheven meesters energie\u00ebn. Je zult kennis maken met verheven meester Sananda en de goddelijke helende kamer die de ruimte cre\u00ebert voor krachtige soms wonderbaarlijke heling op fysiek niveau.<\/p>\n\n\n\n<ul class=\"wp-block-list\"><li><strong>Tijd:<\/strong>&nbsp;40 minuten persoonlijk, telefonisch of via afstand<br><strong>Persoonlijke&nbsp;investering:<\/strong>&nbsp;\u20ac 110,- per deel voor cli\u00ebnten. &nbsp; &nbsp; &nbsp; &nbsp; &nbsp; &nbsp; &nbsp; &nbsp;<\/li><li>Voor leraren bijkomende kosten \u20ac135,- voor manual en registratie<br><strong>Vereiste vooropleiding:<\/strong>&nbsp;geen<br>Inclusief: Manual en registratie bij Lightarian Institue, Amerika<br><strong>Certificering:<\/strong>&nbsp;Ja<\/li><\/ul>\n\n\n\n<p>Voowaarden: geen.<br>Wachttijd :21 dagen.<\/p>\n<div class=\"pdfprnt-buttons pdfprnt-buttons-page pdfprnt-bottom-left\"><a href=\"javascript: imageToPdf(2127)\" class=\"pdfprnt-button pdfprnt-button-pdf\" target=\"_self\" ><img decoding=\"async\" src=\"https:\/\/www.thetahealingkatinka.nl\/wordpress2\/wp-content\/plugins\/pdf-print\/images\/pdf.png\" alt=\"image_pdf\" title=\"View PDF\" \/><span class=\"pdfprnt-button-title pdfprnt-button-pdf-title\">PDF<\/span><\/a><a href=\"https:\/\/www.thetahealingkatinka.nl\/wordpress2\/index.php?rest_route=%2Fwp%2Fv2%2Fpages%2F2127&print=print\" class=\"pdfprnt-button pdfprnt-button-print\" target=\"_blank\" ><img decoding=\"async\" src=\"https:\/\/www.thetahealingkatinka.nl\/wordpress2\/wp-content\/plugins\/pdf-print\/images\/print.png\" alt=\"image_print\" title=\"Print Content\" \/><span class=\"pdfprnt-button-title pdfprnt-button-print-title\">Print<\/span><\/a><\/div>","protected":false},"excerpt":{"rendered":"<p>Nieuw!!! Lightarian Ascencion BandsNieuw in Nederland!&nbsp; De Lightarian Ascension Bands\u2122 zijn ontwikkeld om de mensheid weer bewust te maken voor de acht [&hellip;]<\/p>\n","protected":false},"author":1,"featured_media":0,"parent":0,"menu_order":0,"comment_status":"closed","ping_status":"closed","template":"","meta":{"footnotes":""},"class_list":["post-2127","page","type-page","status-publish","hentry"],"_links":{"self":[{"href":"https:\/\/www.thetahealingkatinka.nl\/wordpress2\/index.php?rest_route=\/wp\/v2\/pages\/2127","targetHints":{"allow":["GET"]}}],"collection":[{"href":"https:\/\/www.thetahealingkatinka.nl\/wordpress2\/index.php?rest_route=\/wp\/v2\/pages"}],"about":[{"href":"https:\/\/www.thetahealingkatinka.nl\/wordpress2\/index.php?rest_route=\/wp\/v2\/types\/page"}],"author":[{"embeddable":true,"href":"https:\/\/www.thetahealingkatinka.nl\/wordpress2\/index.php?rest_route=\/wp\/v2\/users\/1"}],"replies":[{"embeddable":true,"href":"https:\/\/www.thetahealingkatinka.nl\/wordpress2\/index.php?rest_route=%2Fwp%2Fv2%2Fcomments&post=2127"}],"version-history":[{"count":3,"href":"https:\/\/www.thetahealingkatinka.nl\/wordpress2\/index.php?rest_route=\/wp\/v2\/pages\/2127\/revisions"}],"predecessor-version":[{"id":2570,"href":"https:\/\/www.thetahealingkatinka.nl\/wordpress2\/index.php?rest_route=\/wp\/v2\/pages\/2127\/revisions\/2570"}],"wp:attachment":[{"href":"https:\/\/www.thetahealingkatinka.nl\/wordpress2\/index.php?rest_route=%2Fwp%2Fv2%2Fmedia&parent=2127"}],"curies":[{"name":"wp","href":"https:\/\/api.w.org\/{rel}","templated":true}]}}